{"id":98,"date":"2020-06-07T00:57:03","date_gmt":"2020-06-07T00:57:03","guid":{"rendered":"https:\/\/protoliber.com\/toallas-desinfectantes\/?page_id=98"},"modified":"2020-07-06T15:56:51","modified_gmt":"2020-07-06T15:56:51","slug":"carrito","status":"publish","type":"page","link":"https:\/\/protoliber.com\/toallas-desinfectantes\/carrito\/","title":{"rendered":"Carrito"},"content":{"rendered":"<body>\n<\/body>","protected":false},"excerpt":{"rendered":"","protected":false},"author":1,"featured_media":0,"parent":0,"menu_order":0,"comment_status":"closed","ping_status":"closed","template":"","meta":{"nf_dc_page":"","site-sidebar-layout":"no-sidebar","site-content-layout":"plain-container","ast-global-header-display":"","ast-main-header-display":"","ast-hfb-above-header-display":"","ast-hfb-below-header-display":"","ast-hfb-mobile-header-display":"","site-post-title":"","ast-breadcrumbs-content":"","ast-featured-img":"","footer-sml-layout":"","theme-transparent-header-meta":"enabled","adv-header-id-meta":"","stick-header-meta":"","header-above-stick-meta":"","header-main-stick-meta":"","header-below-stick-meta":"","footnotes":""},"class_list":["post-98","page","type-page","status-publish","hentry"],"yoast_head":"<!-- This site is optimized with the Yoast SEO plugin v26.9 - https:\/\/yoast.com\/product\/yoast-seo-wordpress\/ -->\n<title>Toallas Limpiadoras Desinfectantes Protoliber | Carrito<\/title>\n<meta name=\"description\" content=\"Compra aqu\u00ed dispensadores de Toallas Limpiadoras Desinfectantes Protoliber. Finaliza tu compra. Env\u00edo gratis a todo M\u00e9xico.\" \/>\n<meta name=\"robots\" content=\"index, follow, max-snippet:-1, max-image-preview:large, max-video-preview:-1\" \/>\n<link rel=\"canonical\" href=\"https:\/\/protoliber.com\/toallas-desinfectantes\/carrito\/\" \/>\n<meta property=\"og:locale\" content=\"es_MX\" \/>\n<meta property=\"og:type\" content=\"article\" \/>\n<meta property=\"og:title\" content=\"Toallas Limpiadoras Desinfectantes Protoliber | Carrito\" \/>\n<meta property=\"og:description\" content=\"Compra aqu\u00ed dispensadores de Toallas Limpiadoras Desinfectantes Protoliber. Finaliza tu compra. Env\u00edo gratis a todo M\u00e9xico.\" \/>\n<meta property=\"og:url\" content=\"https:\/\/protoliber.com\/toallas-desinfectantes\/carrito\/\" \/>\n<meta property=\"og:site_name\" content=\"Toallitas Anti-Virales y Anti-Bacteriales\" \/>\n<meta property=\"article:publisher\" content=\"https:\/\/www.facebook.com\/protolibertoallasdesinfectantes\" \/>\n<meta property=\"article:modified_time\" content=\"2020-07-06T15:56:51+00:00\" \/>\n<meta name=\"twitter:card\" content=\"summary_large_image\" \/>\n<script type=\"application\/ld+json\" class=\"yoast-schema-graph\">{\"@context\":\"https:\/\/schema.org\",\"@graph\":[{\"@type\":\"WebPage\",\"@id\":\"https:\/\/protoliber.com\/toallas-desinfectantes\/carrito\/\",\"url\":\"https:\/\/protoliber.com\/toallas-desinfectantes\/carrito\/\",\"name\":\"Toallas Limpiadoras Desinfectantes Protoliber | Carrito\",\"isPartOf\":{\"@id\":\"https:\/\/protoliber.com\/toallas-desinfectantes\/#website\"},\"datePublished\":\"2020-06-07T00:57:03+00:00\",\"dateModified\":\"2020-07-06T15:56:51+00:00\",\"description\":\"Compra aqu\u00ed dispensadores de Toallas Limpiadoras Desinfectantes Protoliber. Finaliza tu compra. Env\u00edo gratis a todo M\u00e9xico.\",\"breadcrumb\":{\"@id\":\"https:\/\/protoliber.com\/toallas-desinfectantes\/carrito\/#breadcrumb\"},\"inLanguage\":\"es\",\"potentialAction\":[{\"@type\":\"ReadAction\",\"target\":[\"https:\/\/protoliber.com\/toallas-desinfectantes\/carrito\/\"]}]},{\"@type\":\"BreadcrumbList\",\"@id\":\"https:\/\/protoliber.com\/toallas-desinfectantes\/carrito\/#breadcrumb\",\"itemListElement\":[{\"@type\":\"ListItem\",\"position\":1,\"name\":\"Inicio\",\"item\":\"https:\/\/protoliber.com\/toallas-desinfectantes\/\"},{\"@type\":\"ListItem\",\"position\":2,\"name\":\"Carrito\"}]},{\"@type\":\"WebSite\",\"@id\":\"https:\/\/protoliber.com\/toallas-desinfectantes\/#website\",\"url\":\"https:\/\/protoliber.com\/toallas-desinfectantes\/\",\"name\":\"Toallitas Anti-Virales y Anti-Bacteriales\",\"description\":\"Toallitas Desinfectantes Protoliber\",\"publisher\":{\"@id\":\"https:\/\/protoliber.com\/toallas-desinfectantes\/#organization\"},\"potentialAction\":[{\"@type\":\"SearchAction\",\"target\":{\"@type\":\"EntryPoint\",\"urlTemplate\":\"https:\/\/protoliber.com\/toallas-desinfectantes\/?s={search_term_string}\"},\"query-input\":{\"@type\":\"PropertyValueSpecification\",\"valueRequired\":true,\"valueName\":\"search_term_string\"}}],\"inLanguage\":\"es\"},{\"@type\":\"Organization\",\"@id\":\"https:\/\/protoliber.com\/toallas-desinfectantes\/#organization\",\"name\":\"Protoliber\",\"url\":\"https:\/\/protoliber.com\/toallas-desinfectantes\/\",\"logo\":{\"@type\":\"ImageObject\",\"inLanguage\":\"es\",\"@id\":\"https:\/\/protoliber.com\/toallas-desinfectantes\/#\/schema\/logo\/image\/\",\"url\":\"https:\/\/protoliber.com\/toallas-desinfectantes\/wp-content\/uploads\/2020\/06\/Presentation1.jpg\",\"contentUrl\":\"https:\/\/protoliber.com\/toallas-desinfectantes\/wp-content\/uploads\/2020\/06\/Presentation1.jpg\",\"width\":720,\"height\":405,\"caption\":\"Protoliber\"},\"image\":{\"@id\":\"https:\/\/protoliber.com\/toallas-desinfectantes\/#\/schema\/logo\/image\/\"},\"sameAs\":[\"https:\/\/www.facebook.com\/protolibertoallasdesinfectantes\",\"https:\/\/www.instagram.com\/protolibertoallas\/\"]}]}<\/script>\n<!-- \/ Yoast SEO plugin. -->","yoast_head_json":{"title":"Toallas Limpiadoras Desinfectantes Protoliber | Carrito","description":"Compra aqu\u00ed dispensadores de Toallas Limpiadoras Desinfectantes Protoliber. Finaliza tu compra. Env\u00edo gratis a todo M\u00e9xico.","robots":{"index":"index","follow":"follow","max-snippet":"max-snippet:-1","max-image-preview":"max-image-preview:large","max-video-preview":"max-video-preview:-1"},"canonical":"https:\/\/protoliber.com\/toallas-desinfectantes\/carrito\/","og_locale":"es_MX","og_type":"article","og_title":"Toallas Limpiadoras Desinfectantes Protoliber | Carrito","og_description":"Compra aqu\u00ed dispensadores de Toallas Limpiadoras Desinfectantes Protoliber. Finaliza tu compra. Env\u00edo gratis a todo M\u00e9xico.","og_url":"https:\/\/protoliber.com\/toallas-desinfectantes\/carrito\/","og_site_name":"Toallitas Anti-Virales y Anti-Bacteriales","article_publisher":"https:\/\/www.facebook.com\/protolibertoallasdesinfectantes","article_modified_time":"2020-07-06T15:56:51+00:00","twitter_card":"summary_large_image","schema":{"@context":"https:\/\/schema.org","@graph":[{"@type":"WebPage","@id":"https:\/\/protoliber.com\/toallas-desinfectantes\/carrito\/","url":"https:\/\/protoliber.com\/toallas-desinfectantes\/carrito\/","name":"Toallas Limpiadoras Desinfectantes Protoliber | Carrito","isPartOf":{"@id":"https:\/\/protoliber.com\/toallas-desinfectantes\/#website"},"datePublished":"2020-06-07T00:57:03+00:00","dateModified":"2020-07-06T15:56:51+00:00","description":"Compra aqu\u00ed dispensadores de Toallas Limpiadoras Desinfectantes Protoliber. Finaliza tu compra. Env\u00edo gratis a todo M\u00e9xico.","breadcrumb":{"@id":"https:\/\/protoliber.com\/toallas-desinfectantes\/carrito\/#breadcrumb"},"inLanguage":"es","potentialAction":[{"@type":"ReadAction","target":["https:\/\/protoliber.com\/toallas-desinfectantes\/carrito\/"]}]},{"@type":"BreadcrumbList","@id":"https:\/\/protoliber.com\/toallas-desinfectantes\/carrito\/#breadcrumb","itemListElement":[{"@type":"ListItem","position":1,"name":"Inicio","item":"https:\/\/protoliber.com\/toallas-desinfectantes\/"},{"@type":"ListItem","position":2,"name":"Carrito"}]},{"@type":"WebSite","@id":"https:\/\/protoliber.com\/toallas-desinfectantes\/#website","url":"https:\/\/protoliber.com\/toallas-desinfectantes\/","name":"Toallitas Anti-Virales y Anti-Bacteriales","description":"Toallitas Desinfectantes Protoliber","publisher":{"@id":"https:\/\/protoliber.com\/toallas-desinfectantes\/#organization"},"potentialAction":[{"@type":"SearchAction","target":{"@type":"EntryPoint","urlTemplate":"https:\/\/protoliber.com\/toallas-desinfectantes\/?s={search_term_string}"},"query-input":{"@type":"PropertyValueSpecification","valueRequired":true,"valueName":"search_term_string"}}],"inLanguage":"es"},{"@type":"Organization","@id":"https:\/\/protoliber.com\/toallas-desinfectantes\/#organization","name":"Protoliber","url":"https:\/\/protoliber.com\/toallas-desinfectantes\/","logo":{"@type":"ImageObject","inLanguage":"es","@id":"https:\/\/protoliber.com\/toallas-desinfectantes\/#\/schema\/logo\/image\/","url":"https:\/\/protoliber.com\/toallas-desinfectantes\/wp-content\/uploads\/2020\/06\/Presentation1.jpg","contentUrl":"https:\/\/protoliber.com\/toallas-desinfectantes\/wp-content\/uploads\/2020\/06\/Presentation1.jpg","width":720,"height":405,"caption":"Protoliber"},"image":{"@id":"https:\/\/protoliber.com\/toallas-desinfectantes\/#\/schema\/logo\/image\/"},"sameAs":["https:\/\/www.facebook.com\/protolibertoallasdesinfectantes","https:\/\/www.instagram.com\/protolibertoallas\/"]}]}},"_links":{"self":[{"href":"https:\/\/protoliber.com\/toallas-desinfectantes\/wp-json\/wp\/v2\/pages\/98","targetHints":{"allow":["GET"]}}],"collection":[{"href":"https:\/\/protoliber.com\/toallas-desinfectantes\/wp-json\/wp\/v2\/pages"}],"about":[{"href":"https:\/\/protoliber.com\/toallas-desinfectantes\/wp-json\/wp\/v2\/types\/page"}],"author":[{"embeddable":true,"href":"https:\/\/protoliber.com\/toallas-desinfectantes\/wp-json\/wp\/v2\/users\/1"}],"replies":[{"embeddable":true,"href":"https:\/\/protoliber.com\/toallas-desinfectantes\/wp-json\/wp\/v2\/comments?post=98"}],"version-history":[{"count":3,"href":"https:\/\/protoliber.com\/toallas-desinfectantes\/wp-json\/wp\/v2\/pages\/98\/revisions"}],"predecessor-version":[{"id":489,"href":"https:\/\/protoliber.com\/toallas-desinfectantes\/wp-json\/wp\/v2\/pages\/98\/revisions\/489"}],"wp:attachment":[{"href":"https:\/\/protoliber.com\/toallas-desinfectantes\/wp-json\/wp\/v2\/media?parent=98"}],"curies":[{"name":"wp","href":"https:\/\/api.w.org\/{rel}","templated":true}]}}