{"id":377,"date":"2020-06-19T16:52:37","date_gmt":"2020-06-19T16:52:37","guid":{"rendered":"https:\/\/protoliber.com\/toallas-desinfectantes\/?post_type=product&#038;p=377"},"modified":"2024-01-26T19:56:16","modified_gmt":"2024-01-26T19:56:16","slug":"toallas-limpiadoras-desinfectantes-protoliber-aroma-fresco-400-unidades","status":"publish","type":"product","link":"https:\/\/protoliber.com\/toallas-desinfectantes\/Comprar-bote-toallas-desinfectantes-sanitizantes\/toallas-limpiadoras-desinfectantes-protoliber-aroma-fresco-400-unidades\/","title":{"rendered":"Toallas Limpiadoras Desinfectantes Protoliber Aroma Fresco 400 Toallas"},"content":{"rendered":"<body><p><span style=\"font-family: Verdana, Geneva;\">Toallas limpiadoras desinfectantes ideales para limpiar y desinfectar al 99.9999% superficies no porosas. La presentaci\u00f3n es un dispensador con 400 toallitas aroma fresco, hechas de tela no tejida de microfibra, humedecidas en soluci\u00f3n sanitizante a base de cuaternarios de amonio de cuarta generaci\u00f3n.<br>\n<\/span><\/p>\n<p><span style=\"font-family: Verdana, Geneva;\">Son f\u00e1ciles de usar porque integran todos los ingredientes que se utilizan en cualquier limpieza tradicional sin necesidad de utilizar varios productos. Los ingredientes que conforman su f\u00f3rmula son los indicados para lograr los mejores resultados.\u00a0<\/span><span style=\"font-family: Verdana, Geneva;\">La suciedad se retira de la superficie y se queda en la tela, al mismo tiempo que desinfecta.\u00a0<\/span><span style=\"font-family: Verdana, Geneva;\">Las toallas Protoliber tienen un olor agradable que permitir\u00e1 que la limpieza se reconozca y se aprecie.<\/span><\/p>\n<p><span style=\"font-family: Verdana, Geneva;\">Puedes utilizarlas en superficies no porosas como: tel\u00e9fonos, teclados, escritorios, mostradores, pasamanos, bol\u00edgrafos, counters, controles, puertas, chapas, men\u00fas, juegos, sanitarios, manijas y todo material que no entre en contacto con alimentos.<\/span><\/p>\n<div class=\"page\" title=\"Page 1\">\n<div class=\"section\">\n<div class=\"layoutArea\">\n<div class=\"column\">\n<p><strong style=\"font-family: Verdana, Geneva; font-size: 16px;\">Tama\u00f1o de la toalla:<\/strong><span style=\"font-family: Verdana, Geneva; font-size: 16px;\"> 17\u00d720 cm. 80 metros lineales.<br>\n<\/span><strong style=\"font-family: Verdana, Geneva; font-size: 16px;\"><br>\nIngredientes activos:<\/strong><span style=\"font-family: Verdana, Geneva; font-size: 16px;\"> Cloruro de Alquil Dimetil Etil Bencil Amonio, Cloruro de N-Alquil Dimetilbencilamonio, Alcohol isoprop\u00edlico, agua, fragancia.<br>\n<\/span><strong style=\"font-family: Verdana, Geneva; font-size: 16px;\"><br>\nModo de uso:<br>\n<\/strong><span style=\"font-family: Verdana, Geneva; font-size: 16px;\">1) Destape la tapa superior<br>\n<\/span><span style=\"font-family: Verdana, Geneva; font-size: 16px;\">2) Retire la toalla por la ranura de la tapa con precauci\u00f3n para no introducir los dedos<br>\n<\/span><span style=\"font-family: Verdana, Geneva; font-size: 16px;\">3) Coloque la tapa y mant\u00e9ngala cerrada<br>\n<\/span><span style=\"font-size: 16px; font-family: Verdana, Geneva;\">4) Limpie las superficies y deje secar por 5 minutos. Para superficies muy sucias, elimine primero el exceso de mugre<\/span><\/p>\n<\/div>\n<\/div>\n<\/div>\n<\/div>\n<p><span style=\"font-family: Verdana, Geneva;\">Si buscas toallas limpiadoras desinfectantes sin aroma, puedes\u00a0encontrarlas <a href=\"https:\/\/protoliber.com\/toallas-desinfectantes\/Comprar-bote-toallas-desinfectantes-sanitizantes\/toallas-limpiadoras-desinfectantes-protoliber-sin-aroma-450-unidades\/\">aqu\u00ed. <\/a>Env\u00edo gratis en todo M\u00e9xico<br>\nVenta exclusiva en nuestra tienda y en <a href=\"https:\/\/www.sams.com.mx\">Sam\u2032s Club M\u00e9xico.<\/a><\/span><\/p>\n<p>\u00a0<\/p>\n<p>\u00a0<\/p>\n<\/body>","protected":false},"excerpt":{"rendered":"<p><strong><span style=\"font-family: Verdana, Geneva;\">Env\u00edo gratis en todo M\u00e9xico.<\/span><\/strong><\/p>\n<p><span style=\"color: #ff0000;\"><strong>AGOTADO<\/strong><\/span><\/p>\n","protected":false},"featured_media":704,"comment_status":"open","ping_status":"closed","template":"","meta":{"nf_dc_page":"","site-sidebar-layout":"default","site-content-layout":"plain-container","ast-global-header-display":"","ast-main-header-display":"","ast-hfb-above-header-display":"","ast-hfb-below-header-display":"","ast-hfb-mobile-header-display":"","site-post-title":"","ast-breadcrumbs-content":"","ast-featured-img":"","footer-sml-layout":"","theme-transparent-header-meta":"default","adv-header-id-meta":"","stick-header-meta":"","header-above-stick-meta":"","header-main-stick-meta":"","header-below-stick-meta":""},"product_brand":[],"product_cat":[18],"product_tag":[],"class_list":{"0":"post-377","1":"product","2":"type-product","3":"status-publish","4":"has-post-thumbnail","6":"product_cat-producto-limpieza","7":"desktop-align-left","8":"tablet-align-left","9":"mobile-align-left","11":"first","12":"outofstock","13":"taxable","14":"shipping-taxable","15":"purchasable","16":"product-type-simple"},"yoast_head":"<!-- This site is optimized with the Yoast SEO plugin v26.9 - https:\/\/yoast.com\/product\/yoast-seo-wordpress\/ -->\n<title>Toallas Limpiadoras Desinfectantes Protoliber Aroma Fresco 400 Toallas<\/title>\n<meta name=\"description\" content=\"Dispensador de 400 toallas limpiadoras desinfectantes Protoliber aroma fresco. Ideales para llimpiar y sanitizar superficies no porosas. Encuentralas en ...\" \/>\n<meta name=\"robots\" content=\"index, follow, max-snippet:-1, max-image-preview:large, max-video-preview:-1\" \/>\n<link rel=\"canonical\" href=\"https:\/\/protoliber.com\/toallas-desinfectantes\/Comprar-bote-toallas-desinfectantes-sanitizantes\/toallas-limpiadoras-desinfectantes-protoliber-aroma-fresco-400-unidades\/\" \/>\n<meta property=\"og:locale\" content=\"es_MX\" \/>\n<meta property=\"og:type\" content=\"article\" \/>\n<meta property=\"og:title\" content=\"Toallas Limpiadoras Desinfectantes Protoliber Aroma Fresco 400 Toallas\" \/>\n<meta property=\"og:description\" content=\"Dispensador de 400 toallas limpiadoras desinfectantes Protoliber aroma fresco. Ideales para llimpiar y sanitizar superficies no porosas. Encuentralas en ...\" \/>\n<meta property=\"og:url\" content=\"https:\/\/protoliber.com\/toallas-desinfectantes\/Comprar-bote-toallas-desinfectantes-sanitizantes\/toallas-limpiadoras-desinfectantes-protoliber-aroma-fresco-400-unidades\/\" \/>\n<meta property=\"og:site_name\" content=\"Toallitas Anti-Virales y Anti-Bacteriales\" \/>\n<meta property=\"article:publisher\" content=\"https:\/\/www.facebook.com\/protolibertoallasdesinfectantes\" \/>\n<meta property=\"article:modified_time\" content=\"2024-01-26T19:56:16+00:00\" \/>\n<meta property=\"og:image\" content=\"https:\/\/protoliber.com\/toallas-desinfectantes\/wp-content\/uploads\/2020\/08\/Protoliber-Toallas-Desinfectantes-Dispensador-450-toallas.jpg\" \/>\n\t<meta property=\"og:image:width\" content=\"2000\" \/>\n\t<meta property=\"og:image:height\" content=\"2000\" \/>\n\t<meta property=\"og:image:type\" content=\"image\/jpeg\" \/>\n<meta name=\"twitter:card\" content=\"summary_large_image\" \/>\n<meta name=\"twitter:label1\" content=\"Tiempo de lectura\" \/>\n\t<meta name=\"twitter:data1\" content=\"1 minuto\" \/>\n<script type=\"application\/ld+json\" class=\"yoast-schema-graph\">{\"@context\":\"https:\/\/schema.org\",\"@graph\":[{\"@type\":\"WebPage\",\"@id\":\"https:\/\/protoliber.com\/toallas-desinfectantes\/Comprar-bote-toallas-desinfectantes-sanitizantes\/toallas-limpiadoras-desinfectantes-protoliber-aroma-fresco-400-unidades\/\",\"url\":\"https:\/\/protoliber.com\/toallas-desinfectantes\/Comprar-bote-toallas-desinfectantes-sanitizantes\/toallas-limpiadoras-desinfectantes-protoliber-aroma-fresco-400-unidades\/\",\"name\":\"Toallas Limpiadoras Desinfectantes Protoliber Aroma Fresco 400 Toallas\",\"isPartOf\":{\"@id\":\"https:\/\/protoliber.com\/toallas-desinfectantes\/#website\"},\"primaryImageOfPage\":{\"@id\":\"https:\/\/protoliber.com\/toallas-desinfectantes\/Comprar-bote-toallas-desinfectantes-sanitizantes\/toallas-limpiadoras-desinfectantes-protoliber-aroma-fresco-400-unidades\/#primaryimage\"},\"image\":{\"@id\":\"https:\/\/protoliber.com\/toallas-desinfectantes\/Comprar-bote-toallas-desinfectantes-sanitizantes\/toallas-limpiadoras-desinfectantes-protoliber-aroma-fresco-400-unidades\/#primaryimage\"},\"thumbnailUrl\":\"https:\/\/protoliber.com\/toallas-desinfectantes\/wp-content\/uploads\/2020\/08\/Protoliber-Toallas-Desinfectantes-Dispensador-450-toallas.jpg\",\"datePublished\":\"2020-06-19T16:52:37+00:00\",\"dateModified\":\"2024-01-26T19:56:16+00:00\",\"description\":\"Dispensador de 400 toallas limpiadoras desinfectantes Protoliber aroma fresco. Ideales para llimpiar y sanitizar superficies no porosas. Encuentralas en ...\",\"breadcrumb\":{\"@id\":\"https:\/\/protoliber.com\/toallas-desinfectantes\/Comprar-bote-toallas-desinfectantes-sanitizantes\/toallas-limpiadoras-desinfectantes-protoliber-aroma-fresco-400-unidades\/#breadcrumb\"},\"inLanguage\":\"es\",\"potentialAction\":[{\"@type\":\"ReadAction\",\"target\":[\"https:\/\/protoliber.com\/toallas-desinfectantes\/Comprar-bote-toallas-desinfectantes-sanitizantes\/toallas-limpiadoras-desinfectantes-protoliber-aroma-fresco-400-unidades\/\"]}]},{\"@type\":\"ImageObject\",\"inLanguage\":\"es\",\"@id\":\"https:\/\/protoliber.com\/toallas-desinfectantes\/Comprar-bote-toallas-desinfectantes-sanitizantes\/toallas-limpiadoras-desinfectantes-protoliber-aroma-fresco-400-unidades\/#primaryimage\",\"url\":\"https:\/\/protoliber.com\/toallas-desinfectantes\/wp-content\/uploads\/2020\/08\/Protoliber-Toallas-Desinfectantes-Dispensador-450-toallas.jpg\",\"contentUrl\":\"https:\/\/protoliber.com\/toallas-desinfectantes\/wp-content\/uploads\/2020\/08\/Protoliber-Toallas-Desinfectantes-Dispensador-450-toallas.jpg\",\"width\":2000,\"height\":2000,\"caption\":\"Protoliber toallitas desinfectantes\"},{\"@type\":\"BreadcrumbList\",\"@id\":\"https:\/\/protoliber.com\/toallas-desinfectantes\/Comprar-bote-toallas-desinfectantes-sanitizantes\/toallas-limpiadoras-desinfectantes-protoliber-aroma-fresco-400-unidades\/#breadcrumb\",\"itemListElement\":[{\"@type\":\"ListItem\",\"position\":1,\"name\":\"Inicio\",\"item\":\"https:\/\/protoliber.com\/toallas-desinfectantes\/\"},{\"@type\":\"ListItem\",\"position\":2,\"name\":\"Tienda\",\"item\":\"https:\/\/protoliber.com\/toallas-desinfectantes\/tienda-toallas-limpiadoras-desinfectantes\/\"},{\"@type\":\"ListItem\",\"position\":3,\"name\":\"Toallas Limpiadoras Desinfectantes Protoliber Aroma Fresco 400 Toallas\"}]},{\"@type\":\"WebSite\",\"@id\":\"https:\/\/protoliber.com\/toallas-desinfectantes\/#website\",\"url\":\"https:\/\/protoliber.com\/toallas-desinfectantes\/\",\"name\":\"Toallitas Anti-Virales y Anti-Bacteriales\",\"description\":\"Toallitas Desinfectantes Protoliber\",\"publisher\":{\"@id\":\"https:\/\/protoliber.com\/toallas-desinfectantes\/#organization\"},\"potentialAction\":[{\"@type\":\"SearchAction\",\"target\":{\"@type\":\"EntryPoint\",\"urlTemplate\":\"https:\/\/protoliber.com\/toallas-desinfectantes\/?s={search_term_string}\"},\"query-input\":{\"@type\":\"PropertyValueSpecification\",\"valueRequired\":true,\"valueName\":\"search_term_string\"}}],\"inLanguage\":\"es\"},{\"@type\":\"Organization\",\"@id\":\"https:\/\/protoliber.com\/toallas-desinfectantes\/#organization\",\"name\":\"Protoliber\",\"url\":\"https:\/\/protoliber.com\/toallas-desinfectantes\/\",\"logo\":{\"@type\":\"ImageObject\",\"inLanguage\":\"es\",\"@id\":\"https:\/\/protoliber.com\/toallas-desinfectantes\/#\/schema\/logo\/image\/\",\"url\":\"https:\/\/protoliber.com\/toallas-desinfectantes\/wp-content\/uploads\/2020\/06\/Presentation1.jpg\",\"contentUrl\":\"https:\/\/protoliber.com\/toallas-desinfectantes\/wp-content\/uploads\/2020\/06\/Presentation1.jpg\",\"width\":720,\"height\":405,\"caption\":\"Protoliber\"},\"image\":{\"@id\":\"https:\/\/protoliber.com\/toallas-desinfectantes\/#\/schema\/logo\/image\/\"},\"sameAs\":[\"https:\/\/www.facebook.com\/protolibertoallasdesinfectantes\",\"https:\/\/www.instagram.com\/protolibertoallas\/\"]}]}<\/script>\n<!-- \/ Yoast SEO plugin. -->","yoast_head_json":{"title":"Toallas Limpiadoras Desinfectantes Protoliber Aroma Fresco 400 Toallas","description":"Dispensador de 400 toallas limpiadoras desinfectantes Protoliber aroma fresco. Ideales para llimpiar y sanitizar superficies no porosas. Encuentralas en ...","robots":{"index":"index","follow":"follow","max-snippet":"max-snippet:-1","max-image-preview":"max-image-preview:large","max-video-preview":"max-video-preview:-1"},"canonical":"https:\/\/protoliber.com\/toallas-desinfectantes\/Comprar-bote-toallas-desinfectantes-sanitizantes\/toallas-limpiadoras-desinfectantes-protoliber-aroma-fresco-400-unidades\/","og_locale":"es_MX","og_type":"article","og_title":"Toallas Limpiadoras Desinfectantes Protoliber Aroma Fresco 400 Toallas","og_description":"Dispensador de 400 toallas limpiadoras desinfectantes Protoliber aroma fresco. Ideales para llimpiar y sanitizar superficies no porosas. Encuentralas en ...","og_url":"https:\/\/protoliber.com\/toallas-desinfectantes\/Comprar-bote-toallas-desinfectantes-sanitizantes\/toallas-limpiadoras-desinfectantes-protoliber-aroma-fresco-400-unidades\/","og_site_name":"Toallitas Anti-Virales y Anti-Bacteriales","article_publisher":"https:\/\/www.facebook.com\/protolibertoallasdesinfectantes","article_modified_time":"2024-01-26T19:56:16+00:00","og_image":[{"width":2000,"height":2000,"url":"https:\/\/protoliber.com\/toallas-desinfectantes\/wp-content\/uploads\/2020\/08\/Protoliber-Toallas-Desinfectantes-Dispensador-450-toallas.jpg","type":"image\/jpeg"}],"twitter_card":"summary_large_image","twitter_misc":{"Tiempo de lectura":"1 minuto"},"schema":{"@context":"https:\/\/schema.org","@graph":[{"@type":"WebPage","@id":"https:\/\/protoliber.com\/toallas-desinfectantes\/Comprar-bote-toallas-desinfectantes-sanitizantes\/toallas-limpiadoras-desinfectantes-protoliber-aroma-fresco-400-unidades\/","url":"https:\/\/protoliber.com\/toallas-desinfectantes\/Comprar-bote-toallas-desinfectantes-sanitizantes\/toallas-limpiadoras-desinfectantes-protoliber-aroma-fresco-400-unidades\/","name":"Toallas Limpiadoras Desinfectantes Protoliber Aroma Fresco 400 Toallas","isPartOf":{"@id":"https:\/\/protoliber.com\/toallas-desinfectantes\/#website"},"primaryImageOfPage":{"@id":"https:\/\/protoliber.com\/toallas-desinfectantes\/Comprar-bote-toallas-desinfectantes-sanitizantes\/toallas-limpiadoras-desinfectantes-protoliber-aroma-fresco-400-unidades\/#primaryimage"},"image":{"@id":"https:\/\/protoliber.com\/toallas-desinfectantes\/Comprar-bote-toallas-desinfectantes-sanitizantes\/toallas-limpiadoras-desinfectantes-protoliber-aroma-fresco-400-unidades\/#primaryimage"},"thumbnailUrl":"https:\/\/protoliber.com\/toallas-desinfectantes\/wp-content\/uploads\/2020\/08\/Protoliber-Toallas-Desinfectantes-Dispensador-450-toallas.jpg","datePublished":"2020-06-19T16:52:37+00:00","dateModified":"2024-01-26T19:56:16+00:00","description":"Dispensador de 400 toallas limpiadoras desinfectantes Protoliber aroma fresco. Ideales para llimpiar y sanitizar superficies no porosas. Encuentralas en ...","breadcrumb":{"@id":"https:\/\/protoliber.com\/toallas-desinfectantes\/Comprar-bote-toallas-desinfectantes-sanitizantes\/toallas-limpiadoras-desinfectantes-protoliber-aroma-fresco-400-unidades\/#breadcrumb"},"inLanguage":"es","potentialAction":[{"@type":"ReadAction","target":["https:\/\/protoliber.com\/toallas-desinfectantes\/Comprar-bote-toallas-desinfectantes-sanitizantes\/toallas-limpiadoras-desinfectantes-protoliber-aroma-fresco-400-unidades\/"]}]},{"@type":"ImageObject","inLanguage":"es","@id":"https:\/\/protoliber.com\/toallas-desinfectantes\/Comprar-bote-toallas-desinfectantes-sanitizantes\/toallas-limpiadoras-desinfectantes-protoliber-aroma-fresco-400-unidades\/#primaryimage","url":"https:\/\/protoliber.com\/toallas-desinfectantes\/wp-content\/uploads\/2020\/08\/Protoliber-Toallas-Desinfectantes-Dispensador-450-toallas.jpg","contentUrl":"https:\/\/protoliber.com\/toallas-desinfectantes\/wp-content\/uploads\/2020\/08\/Protoliber-Toallas-Desinfectantes-Dispensador-450-toallas.jpg","width":2000,"height":2000,"caption":"Protoliber toallitas desinfectantes"},{"@type":"BreadcrumbList","@id":"https:\/\/protoliber.com\/toallas-desinfectantes\/Comprar-bote-toallas-desinfectantes-sanitizantes\/toallas-limpiadoras-desinfectantes-protoliber-aroma-fresco-400-unidades\/#breadcrumb","itemListElement":[{"@type":"ListItem","position":1,"name":"Inicio","item":"https:\/\/protoliber.com\/toallas-desinfectantes\/"},{"@type":"ListItem","position":2,"name":"Tienda","item":"https:\/\/protoliber.com\/toallas-desinfectantes\/tienda-toallas-limpiadoras-desinfectantes\/"},{"@type":"ListItem","position":3,"name":"Toallas Limpiadoras Desinfectantes Protoliber Aroma Fresco 400 Toallas"}]},{"@type":"WebSite","@id":"https:\/\/protoliber.com\/toallas-desinfectantes\/#website","url":"https:\/\/protoliber.com\/toallas-desinfectantes\/","name":"Toallitas Anti-Virales y Anti-Bacteriales","description":"Toallitas Desinfectantes Protoliber","publisher":{"@id":"https:\/\/protoliber.com\/toallas-desinfectantes\/#organization"},"potentialAction":[{"@type":"SearchAction","target":{"@type":"EntryPoint","urlTemplate":"https:\/\/protoliber.com\/toallas-desinfectantes\/?s={search_term_string}"},"query-input":{"@type":"PropertyValueSpecification","valueRequired":true,"valueName":"search_term_string"}}],"inLanguage":"es"},{"@type":"Organization","@id":"https:\/\/protoliber.com\/toallas-desinfectantes\/#organization","name":"Protoliber","url":"https:\/\/protoliber.com\/toallas-desinfectantes\/","logo":{"@type":"ImageObject","inLanguage":"es","@id":"https:\/\/protoliber.com\/toallas-desinfectantes\/#\/schema\/logo\/image\/","url":"https:\/\/protoliber.com\/toallas-desinfectantes\/wp-content\/uploads\/2020\/06\/Presentation1.jpg","contentUrl":"https:\/\/protoliber.com\/toallas-desinfectantes\/wp-content\/uploads\/2020\/06\/Presentation1.jpg","width":720,"height":405,"caption":"Protoliber"},"image":{"@id":"https:\/\/protoliber.com\/toallas-desinfectantes\/#\/schema\/logo\/image\/"},"sameAs":["https:\/\/www.facebook.com\/protolibertoallasdesinfectantes","https:\/\/www.instagram.com\/protolibertoallas\/"]}]}},"_links":{"self":[{"href":"https:\/\/protoliber.com\/toallas-desinfectantes\/wp-json\/wp\/v2\/product\/377","targetHints":{"allow":["GET"]}}],"collection":[{"href":"https:\/\/protoliber.com\/toallas-desinfectantes\/wp-json\/wp\/v2\/product"}],"about":[{"href":"https:\/\/protoliber.com\/toallas-desinfectantes\/wp-json\/wp\/v2\/types\/product"}],"replies":[{"embeddable":true,"href":"https:\/\/protoliber.com\/toallas-desinfectantes\/wp-json\/wp\/v2\/comments?post=377"}],"version-history":[{"count":6,"href":"https:\/\/protoliber.com\/toallas-desinfectantes\/wp-json\/wp\/v2\/product\/377\/revisions"}],"predecessor-version":[{"id":743,"href":"https:\/\/protoliber.com\/toallas-desinfectantes\/wp-json\/wp\/v2\/product\/377\/revisions\/743"}],"wp:featuredmedia":[{"embeddable":true,"href":"https:\/\/protoliber.com\/toallas-desinfectantes\/wp-json\/wp\/v2\/media\/704"}],"wp:attachment":[{"href":"https:\/\/protoliber.com\/toallas-desinfectantes\/wp-json\/wp\/v2\/media?parent=377"}],"wp:term":[{"taxonomy":"product_brand","embeddable":true,"href":"https:\/\/protoliber.com\/toallas-desinfectantes\/wp-json\/wp\/v2\/product_brand?post=377"},{"taxonomy":"product_cat","embeddable":true,"href":"https:\/\/protoliber.com\/toallas-desinfectantes\/wp-json\/wp\/v2\/product_cat?post=377"},{"taxonomy":"product_tag","embeddable":true,"href":"https:\/\/protoliber.com\/toallas-desinfectantes\/wp-json\/wp\/v2\/product_tag?post=377"}],"curies":[{"name":"wp","href":"https:\/\/api.w.org\/{rel}","templated":true}]}}